{"id":15185,"date":"2023-12-11T16:41:31","date_gmt":"2023-12-11T15:41:31","guid":{"rendered":"https:\/\/www.onkel-tom.at\/Onkel-Toms\/agb\/"},"modified":"2024-08-01T18:02:12","modified_gmt":"2024-08-01T16:02:12","slug":"agb","status":"publish","type":"page","link":"https:\/\/www.onkel-tom.at\/Onkel-Toms\/agb\/","title":{"rendered":"AGB"},"content":{"rendered":"\n<p>ALLGEMEINE GESCH\u00c4FTSBEDINGUNGEN<\/p>\n\n\n\n<p>\u00a7 1 Geltungsbereich, Kundeninformationen<\/p>\n\n\n\n<p>Die folgenden allgemeinen Gesch\u00e4ftsbedingungen (AGB) regeln das Vertragsverh\u00e4ltnis zwischen Thomas Bader Handelsgewerbe und den Verbrauchern und Unternehmern, die \u00fcber unseren Shop Onkel Tom&#8217;s Waren kaufen. Entgegenstehende oder von unseren Gesch\u00e4ftsbedingungen abweichende Bedingungen werden von uns nicht anerkannt. Die Vertragssprache ist Deutsch.<\/p>\n\n\n\n<p>\u00a7 2 Vertragsschluss<\/p>\n\n\n\n<p>(1) Die Angebote im Internet stellen eine unverbindliche Aufforderung an Sie dar, Waren zu kaufen.<\/p>\n\n\n\n<p>(2) Nach Eingabe Ihrer Daten und mit dem Anklicken des Bestellbuttons geben Sie ein verbindliches Angebot auf Abschluss eines Kaufvertrags ab.<\/p>\n\n\n\n<p>(3) Mit der per E-Mail versandten Zugangsbest\u00e4tigung wird gleichzeitig auch die Annahme des Angebots erkl\u00e4rt und der Kaufvertrag damit abgeschlossen.<\/p>\n\n\n\n<p>\u00a7 3 Kundeninformation: Speicherung des Vertragstextes<\/p>\n\n\n\n<p>Ihre Bestellung mit Einzelheiten zum geschlossenen Vertrag (z.&nbsp;B. Art des Produkts, Preis etc.) wird von uns gespeichert. Sie haben \u00fcber das Internet jedoch keinen Zugriff auf Ihre vergangenen Bestellungen. Die AGB schicken wir Ihnen zu, Sie k\u00f6nnen die AGB aber auch jederzeit \u00fcber unsere Webseite aufrufen. Wenn Sie die Produktbeschreibung auf unserer Shopseite f\u00fcr eigene Zwecke sichern m\u00f6chten, k\u00f6nnen Sie zum Zeitpunkt der Bestellung z.&nbsp;B. einen Screenshot (= Bildschirmfotografie) anfertigen oder alternativ die ganze Seite ausdrucken.<\/p>\n\n\n\n<p>\u00a7 4 Kundeninformation: Korrekturhinweis<\/p>\n\n\n\n<p>Sie k\u00f6nnen Ihre Eingaben vor Abgabe der Bestellung jederzeit mit der L\u00f6schtaste berichtigen. Wir informieren Sie auf dem Weg durch den Bestellprozess \u00fcber weitere Korrekturm\u00f6glichkeiten. Den Bestellprozess k\u00f6nnen Sie auch jederzeit durch Schlie\u00dfen des Browser-Fensters komplett beenden.<\/p>\n\n\n\n<p>\u00a7 5 Gew\u00e4hrleistung<\/p>\n\n\n\n<p>Die Gew\u00e4hrleistung richtet sich nach den gesetzlichen Vorschriften. Kein Fall der Gew\u00e4hrleistung liegt bei Sch\u00e4den vor, die durch unsachgem\u00e4\u00dfe Verwendung oder Behandlung der gekauften Sache entstanden sind sowie f\u00fcr gew\u00f6hnliche Abn\u00fctzung.<\/p>\n\n\n\n<p>\u00a7 6 L\u00f6schungsrecht<\/p>\n\n\n\n<p>Sie k\u00f6nnen jederzeit die L\u00f6schung ihres Eintrages durch ein E-Mail an info@onkel-tom.at beantragen. Ihr Eintrag wird dann innerhalb von 7 Tagen gel\u00f6scht werden. Bezahlte Werbekosten, die durch einen Vertrag zustandekamen, werden allerdings nicht zur\u00fcckerstattet.<\/p>\n\n\n\n<p>\u00a7 7 Haftungsbeschr\u00e4nkung<\/p>\n\n\n\n<p>Wir schlie\u00dfen die Haftung f\u00fcr leicht fahrl\u00e4ssige Sch\u00e4den aus, sofern diese keine Sch\u00e4den aus der Verletzung des Lebens, des K\u00f6rpers oder der Gesundheit von Menschen oder Garantien betreffen oder Anspr\u00fcche nach dem Produkthaftungsgesetz (PHG) ber\u00fchrt sind. Unternehmer im Sinne des Unternehmensgesetzbuchs (UGB) haben das Vorliegen von Vorsatz oder grober Fahrl\u00e4ssigkeit zu beweisen. Gegen\u00fcber Unternehmern ist die Haftung f\u00fcr entgangenen Gewinn und sonstige Folgesch\u00e4den ausgeschlossen.<\/p>\n\n\n\n<p>\u00a7 8 Gerichtsstand<\/p>\n\n\n\n<p>Ausschlie\u00dflicher Gerichtsstand f\u00fcr alle Streitigkeiten aus diesem Vertrag ist unser Gesch\u00e4ftssitz, wenn Sie Unternehmer sind.<\/p>\n","protected":false},"excerpt":{"rendered":"<p>ALLGEMEINE GESCH\u00c4FTSBEDINGUNGEN \u00a7 1 Geltungsbereich, Kundeninformationen Die folgenden allgemeinen Gesch\u00e4ftsbedingungen (AGB) regeln das Vertragsverh\u00e4ltnis zwischen Thomas Bader Handelsgewerbe und den Verbrauchern und Unternehmern, die \u00fcber unseren Shop Onkel Tom&#8217;s Waren kaufen. Entgegenstehende oder von unseren Gesch\u00e4ftsbedingungen abweichende Bedingungen werden von uns nicht anerkannt. Die Vertragssprache ist Deutsch. \u00a7 2 Vertragsschluss (1) Die Angebote im Internet [&hellip;]<\/p>\n","protected":false},"author":1,"featured_media":0,"parent":0,"menu_order":0,"comment_status":"closed","ping_status":"closed","template":"","meta":{"footnotes":""},"class_list":["post-15185","page","type-page","status-publish","hentry"],"_links":{"self":[{"href":"https:\/\/www.onkel-tom.at\/Onkel-Toms\/wp-json\/wp\/v2\/pages\/15185","targetHints":{"allow":["GET"]}}],"collection":[{"href":"https:\/\/www.onkel-tom.at\/Onkel-Toms\/wp-json\/wp\/v2\/pages"}],"about":[{"href":"https:\/\/www.onkel-tom.at\/Onkel-Toms\/wp-json\/wp\/v2\/types\/page"}],"author":[{"embeddable":true,"href":"https:\/\/www.onkel-tom.at\/Onkel-Toms\/wp-json\/wp\/v2\/users\/1"}],"replies":[{"embeddable":true,"href":"https:\/\/www.onkel-tom.at\/Onkel-Toms\/wp-json\/wp\/v2\/comments?post=15185"}],"version-history":[{"count":6,"href":"https:\/\/www.onkel-tom.at\/Onkel-Toms\/wp-json\/wp\/v2\/pages\/15185\/revisions"}],"predecessor-version":[{"id":16120,"href":"https:\/\/www.onkel-tom.at\/Onkel-Toms\/wp-json\/wp\/v2\/pages\/15185\/revisions\/16120"}],"wp:attachment":[{"href":"https:\/\/www.onkel-tom.at\/Onkel-Toms\/wp-json\/wp\/v2\/media?parent=15185"}],"curies":[{"name":"wp","href":"https:\/\/api.w.org\/{rel}","templated":true}]}}