{"id":15241,"date":"2023-12-13T17:49:01","date_gmt":"2023-12-13T16:49:01","guid":{"rendered":"https:\/\/www.onkel-tom.at\/Onkel-Toms\/eintraege\/"},"modified":"2023-12-13T17:49:01","modified_gmt":"2023-12-13T16:49:01","slug":"eintraege","status":"publish","type":"page","link":"https:\/\/www.onkel-tom.at\/Onkel-Toms\/eintraege\/","title":{"rendered":"Eintr\u00e4ge"},"content":{"rendered":"<div class=\"job_listings\" data-location=\"\" data-keywords=\"\" data-show_filters=\"true\" data-show_pagination=\"false\" data-per_page=\"10\" data-orderby=\"featured\" data-order=\"DESC\" data-categories=\"\" data-disable-form-state-storage=\"\" data-featured_first=\"false\" data-post_id=\"15241\" ><div class=\"gt3_listing_with_map\"><div class=\"gt3_listing_part\" data-load-btn-text=\"Mehr laden\">\r\n\t<form class=\"job_filters\">\r\n\t\t\t\t<a href=\"#\" class=\"map_find_me\"><\/a>\r\n\t\t<div class=\"search_jobs\">\r\n\t\t\t\t\t\t<div class=\"search_keywords\">\r\n\t\t\t\t<input type=\"hidden\" name=\"search_keywords\" id=\"search_keywords\" value=\"\" placeholder=\"Schl\u00fcsselw\u00f6rter\"\/>\r\n\t\t\t<\/div>\r\n\r\n\t\t\t<div class=\"search_location\">\r\n\t\t\t\t<label for=\"search_location\">Bundesland, Bezirk, Stadt<\/label>\r\n\t\t\t\t\t\t\t\t\t<input type=\"text\" name=\"search_location\" id=\"search_location\"  placeholder=\"Bundesland, Bezirk, Stadt\" value=\"\" \/>\r\n\t\t\t\t\t\t\t<\/div>\r\n\r\n\t\t\t<div class=\"select-categories\">\r\n\t\t\t\t\r\n\t\t\t\t\t<div class=\"search_categories\">\r\n\t\t\t\t\t\t<label for=\"search_categories\">Kategorie<\/label>\r\n\t\t\t\t\t\t<select name='search_categories[]' id='search_categories' class='job-manager-category-dropdown '  data-placeholder='Alle Kategorien' data-no_results_text='Keine passenden Ergebnisse' data-multiple_text='Optionen ausw\u00e4hlen'>\n<option value=\"\">Alle Kategorien<\/option>\t<option class=\"level-0\" value=\"121\">Hufschmiede<\/option>\n\t<option class=\"level-0\" value=\"120\">Reitst\u00e4lle<\/option>\n\t<option class=\"level-0\" value=\"119\">Tier\u00e4rzte<\/option>\n<\/select>\n\t\t\t\t\t<\/div>\r\n\r\n\t\t\t\t\t\t\t<\/div><!-- .select-categories -->\r\n\t\t\t\t\t<\/div><!-- .search_jobs -->\r\n\t\t<div class=\"active-tags\"><\/div>\r\n\r\n\t\t<div class=\"gt3_mobile_tags_wrapper\">\r\n\t\t\t\r\n\t\t\t<div class=\"gt3_mobile_buttons\">\r\n\t\t\t\t<button class=\"btn_filter\">Eintr\u00e4ge filtern<\/button>\r\n\t\t\t\t<button class=\"btn_view\">Karte ein-\/ausblenden<\/button>\r\n\t\t\t<\/div>\r\n\t\t<\/div>\r\n\r\n\t\t\t<ul class=\"job_types\">\r\n\t\t\t<\/ul>\r\n\t<input type=\"hidden\" name=\"filter_job_type[]\" value=\"\" \/>\r\n<div class=\"showing_jobs\"><\/div>\r\n\t<\/form><!-- .job_filter -->\r\n\r\n\t\r\n<div class=\"grid list job_listings\">\r\n<\/div><!-- .grid.list.job_listings -->\r\n\r\n<a class=\"load_more_jobs\" href=\"#\" style=\"display:none;\"><strong>Weitere Jobangebote laden<\/strong><\/a><\/div><div class=\"gt3_map_part\"><div class=\"gt3_map_wrapper_container\"><div id=\"map\" class=\"map\"><\/div><\/div><\/div><div class=\"pin_map_mapker_svg\"><svg xmlns=\"http:\/\/www.w3.org\/2000\/svg\" width=\"50\" height=\"65\" viewBox=\"0 0 50 65\">\r\n    <g transform=\"translate(0.000000,65.000000) scale(0.100000,-0.100000)\" fill=\"#000000\" stroke=\"none\">\r\n        <path d=\"M166 636 c-142 -53 -200 -201 -132 -339 29 -61 157 -238 194 -271 22 -19 22 -19 44 0 37 33 165 210 194 271 65 131 21 262 -109 330 -43 22 -143 27 -191 9z\"\/>\r\n    <\/g>\r\n<\/svg><\/div><\/div><\/div>\n","protected":false},"excerpt":{"rendered":"Bundesland, Bezirk, Stadt Kategorie Alle Kategorien Hufschmiede Reitst\u00e4lle Tier\u00e4rzte Eintr\u00e4ge filtern Karte ein-\/ausblenden Weitere Jobangebote laden","protected":false},"author":1,"featured_media":0,"parent":0,"menu_order":0,"comment_status":"closed","ping_status":"closed","template":"","meta":{"footnotes":""},"class_list":["post-15241","page","type-page","status-publish","hentry"],"_links":{"self":[{"href":"https:\/\/www.onkel-tom.at\/Onkel-Toms\/wp-json\/wp\/v2\/pages\/15241","targetHints":{"allow":["GET"]}}],"collection":[{"href":"https:\/\/www.onkel-tom.at\/Onkel-Toms\/wp-json\/wp\/v2\/pages"}],"about":[{"href":"https:\/\/www.onkel-tom.at\/Onkel-Toms\/wp-json\/wp\/v2\/types\/page"}],"author":[{"embeddable":true,"href":"https:\/\/www.onkel-tom.at\/Onkel-Toms\/wp-json\/wp\/v2\/users\/1"}],"replies":[{"embeddable":true,"href":"https:\/\/www.onkel-tom.at\/Onkel-Toms\/wp-json\/wp\/v2\/comments?post=15241"}],"version-history":[{"count":0,"href":"https:\/\/www.onkel-tom.at\/Onkel-Toms\/wp-json\/wp\/v2\/pages\/15241\/revisions"}],"wp:attachment":[{"href":"https:\/\/www.onkel-tom.at\/Onkel-Toms\/wp-json\/wp\/v2\/media?parent=15241"}],"curies":[{"name":"wp","href":"https:\/\/api.w.org\/{rel}","templated":true}]}}